{"id":98,"date":"2025-08-26T20:53:13","date_gmt":"2025-08-26T18:53:13","guid":{"rendered":"https:\/\/tierarztpraxis-kubicek.de\/?page_id=98"},"modified":"2025-10-27T20:19:57","modified_gmt":"2025-10-27T19:19:57","slug":"team","status":"publish","type":"page","link":"https:\/\/tierarztpraxis-kubicek.de\/?page_id=98","title":{"rendered":"Team"},"content":{"rendered":"\t\t<div data-elementor-type=\"wp-page\" data-elementor-id=\"98\" class=\"elementor elementor-98\" data-elementor-post-type=\"page\">\n\t\t\t\t<div class=\"elementor-element elementor-element-3e0d441 e-flex e-con-boxed e-con e-parent\" data-id=\"3e0d441\" data-element_type=\"container\" data-e-type=\"container\">\n\t\t\t\t\t<div class=\"e-con-inner\">\n\t\t\t\t<div class=\"elementor-element elementor-element-5825fef elementor-widget elementor-widget-heading\" data-id=\"5825fef\" data-element_type=\"widget\" data-e-type=\"widget\" data-widget_type=\"heading.default\">\n\t\t\t\t\t<h2 class=\"elementor-heading-title elementor-size-default\">Team<\/h2>\t\t\t\t<\/div>\n\t\t\t\t\t<\/div>\n\t\t\t\t<\/div>\n\t\t<div class=\"elementor-element elementor-element-eb06aa2 e-flex e-con-boxed e-con e-parent\" data-id=\"eb06aa2\" data-element_type=\"container\" data-e-type=\"container\">\n\t\t\t\t\t<div class=\"e-con-inner\">\n\t\t\t\t<div class=\"elementor-element elementor-element-51f714d elementor-widget__width-initial elementor-widget elementor-widget-text-editor\" data-id=\"51f714d\" data-element_type=\"widget\" data-e-type=\"widget\" data-widget_type=\"text-editor.default\">\n\t\t\t\t\t\t\t\t\t<p><strong>Tier\u00e4rztin und Inhaberin<\/strong><\/p><h3><strong>MVDr. Katerina Kubicek<\/strong><\/h3><p><strong>2005 \u2013 2012<\/strong>\u00a0 \u00a0 \u00a0Veterin\u00e4rmedizinische und Pharmazeutische Universit\u00e4t Br\u00fcnn, Tschechien<\/p><p>\u00a0 \u00a0 \u00a0 \u00a0 \u00a0 \u00a0 \u00a0 \u00a0 \u00a0 \u00a0 \u00a0 \u00a0 \u00a0 \u00a0 Fakult\u00e4t der Tiermedizin<\/p><p>\u00a0 \u00a0 \u00a0 \u00a0 \u00a0 \u00a0 \u00a0 \u00a0 \u00a0 \u00a0 \u00a0 \u00a0 \u00a0 \u00a0Promotion als Doktor der Tiermedizin MVDr.<\/p><p><strong>2013<\/strong>\u00a0 \u00a0 \u00a0 \u00a0 \u00a0 \u00a0 \u00a0 \u00a0 \u00a0 \u00a0Approbation als Tier\u00e4rztin (Regierung von Oberbayern)<\/p><p><strong>2013 \u2013 2025<\/strong>\u00a0 \u00a0 \u00a0Tier\u00e4rztliche Fachpraxis f\u00fcr Kleintiere am Loderhof, Sulzbach- Rosenberg<\/p><p>\u00a0 \u00a0 \u00a0 \u00a0 \u00a0 \u00a0 \u00a0 \u00a0 \u00a0 \u00a0 \u00a0 \u00a0 \u00a0 \u00a0Angestellte Tier\u00e4rztin, Schwerpunkte Zahnheilkunde, Chirurgie und Gyn\u00e4kologie<\/p><p><strong>2025<\/strong>\u00a0 \u00a0 \u00a0 \u00a0 \u00a0 \u00a0 \u00a0 \u00a0 \u00a0 \u00a0Gr\u00fcndung eigener Tierarztpraxis Kubicek<\/p><p>\u00a0<\/p>\t\t\t\t\t\t\t\t<\/div>\n\t\t\t\t\t<\/div>\n\t\t\t\t<\/div>\n\t\t\t\t<\/div>\n\t\t","protected":false},"excerpt":{"rendered":"<p>Team Tier\u00e4rztin und Inhaberin MVDr. Katerina Kubicek 2005 \u2013 2012\u00a0 \u00a0 \u00a0Veterin\u00e4rmedizinische und Pharmazeutische Universit\u00e4t Br\u00fcnn, Tschechien \u00a0 \u00a0 \u00a0 \u00a0 \u00a0 \u00a0 \u00a0 \u00a0 \u00a0 \u00a0 \u00a0 \u00a0 \u00a0 \u00a0 Fakult\u00e4t der Tiermedizin \u00a0 \u00a0 \u00a0 \u00a0 \u00a0 \u00a0 \u00a0 \u00a0 \u00a0 \u00a0 \u00a0 \u00a0 \u00a0 \u00a0Promotion als Doktor der Tiermedizin MVDr. 2013\u00a0 \u00a0 [&hellip;]<\/p>\n","protected":false},"author":1,"featured_media":0,"parent":0,"menu_order":0,"comment_status":"closed","ping_status":"closed","template":"","meta":{"footnotes":""},"class_list":["post-98","page","type-page","status-publish","hentry"],"_links":{"self":[{"href":"https:\/\/tierarztpraxis-kubicek.de\/index.php?rest_route=\/wp\/v2\/pages\/98","targetHints":{"allow":["GET"]}}],"collection":[{"href":"https:\/\/tierarztpraxis-kubicek.de\/index.php?rest_route=\/wp\/v2\/pages"}],"about":[{"href":"https:\/\/tierarztpraxis-kubicek.de\/index.php?rest_route=\/wp\/v2\/types\/page"}],"author":[{"embeddable":true,"href":"https:\/\/tierarztpraxis-kubicek.de\/index.php?rest_route=\/wp\/v2\/users\/1"}],"replies":[{"embeddable":true,"href":"https:\/\/tierarztpraxis-kubicek.de\/index.php?rest_route=%2Fwp%2Fv2%2Fcomments&post=98"}],"version-history":[{"count":26,"href":"https:\/\/tierarztpraxis-kubicek.de\/index.php?rest_route=\/wp\/v2\/pages\/98\/revisions"}],"predecessor-version":[{"id":659,"href":"https:\/\/tierarztpraxis-kubicek.de\/index.php?rest_route=\/wp\/v2\/pages\/98\/revisions\/659"}],"wp:attachment":[{"href":"https:\/\/tierarztpraxis-kubicek.de\/index.php?rest_route=%2Fwp%2Fv2%2Fmedia&parent=98"}],"curies":[{"name":"wp","href":"https:\/\/api.w.org\/{rel}","templated":true}]}}