{"id":247,"date":"2025-10-04T18:57:56","date_gmt":"2025-10-04T16:57:56","guid":{"rendered":"https:\/\/tierarztpraxis-kubicek.de\/?page_id=247"},"modified":"2025-10-23T22:15:30","modified_gmt":"2025-10-23T20:15:30","slug":"dateschutz","status":"publish","type":"page","link":"https:\/\/tierarztpraxis-kubicek.de\/?page_id=247","title":{"rendered":"Dateschutz"},"content":{"rendered":"\t\t<div data-elementor-type=\"wp-page\" data-elementor-id=\"247\" class=\"elementor elementor-247\" data-elementor-post-type=\"page\">\n\t\t\t\t<div class=\"elementor-element elementor-element-521298a e-flex e-con-boxed e-con e-parent\" data-id=\"521298a\" data-element_type=\"container\" data-e-type=\"container\">\n\t\t\t\t\t<div class=\"e-con-inner\">\n\t\t\t\t<div class=\"elementor-element elementor-element-e3bd2c3 elementor-widget elementor-widget-text-editor\" data-id=\"e3bd2c3\" data-element_type=\"widget\" data-e-type=\"widget\" data-widget_type=\"text-editor.default\">\n\t\t\t\t\t\t\t\t\t<div class=\"container-default-unterseiten w-container\"><h3><strong>Datenschutz<\/strong><\/h3><div class=\"div-block\" data-w-id=\"285c83de-74bd-6114-8d06-037629769f77\"><div class=\"div-block-2\"><div class=\"w-richtext\"><p><strong>Webseiten-Datenschutzerkl\u00e4rung und zugleich Information derBetroffenen gem\u00e4\u00df Artikel 13 und Artikel 14EU-Datenschutzgrundverordnung<\/strong><\/p><p>\u00a0<\/p><p><strong>Allgemeine Angaben<\/strong><\/p><p>Angaben zur verantwortlichen Stelle<\/p><p>Unternehmen: Tierarztpraxis Kubicek<\/p><p>Adresse: Werner-von-Siemens-Str. 62, 92224 Amberg<\/p><p>info@tierarztpraxis-kubicek.de<\/p><p>\u00a0<\/p><p><strong>Allgemeine Datenverarbeitungs-Informationen<\/strong><\/p><p><strong><em>Betroffene Daten:<\/em><\/strong><\/p><p>Personenbezogene Daten werden nur erhoben, wenn Sie uns diese von sich aus mitteilen. Dar\u00fcber hinaus werden keine personenbezogenen Daten erhoben. Eine \u00fcber die Reichweite der gesetzlichen Erlaubnistatbest\u00e4nde hinausgehende Verarbeitung Ihrer personenbezogenen Daten erfolgt nur auf Grundlage Ihrer ausdr\u00fccklichen Einwilligung.<\/p><p>Verarbeitungszweck: Vertragsdurchf\u00fchrung.<\/p><p>Kategorien von Empf\u00e4ngern: \u00d6ffentliche Stellen bei Vorliegen vorrangiger Rechtsvorschriften.<\/p><p>Externe Dienstleister oder sonstige Auftragnehmer.<\/p><p>Weitere externe Stellen soweit der Betroffene seine Einwilligung erteilt hat oder eine \u00dcbermittlung aus \u00fcberwiegendem Interessezul\u00e4ssig ist.<\/p><p>Drittlandtransfers: Im Rahmen der Vertragsdurchf\u00fchrung k\u00f6nnen auch Auftragsverarbeiter au\u00dferhalb der Europ\u00e4ischen Union zum Einsatzkommen.<\/p><p>Dauer Datenspeicherung: Die Dauer der Datenspeicherung richtet sich nach den gesetzlichen Aufbewahrungspflichten und betr\u00e4gt in der Regel 10 Jahre.<\/p><p>\u00a0<\/p><p><strong><em>Einsatzeigener \u201eCookies\u201c<\/em><\/strong><\/p><p>Diese Webseite verwendet eigene \u201eCookies\u201c, um die Benutzerfreundlichkeit zu erh\u00f6hen (\u201eCookies\u201c sind Datens\u00e4tze, die vom Webserver an den Browser des Nutzers gesandt und dort f\u00fcr einen sp\u00e4teren Abrufgespeichert werden). In unseren eigenen \u201eCookies\u201c werden keinerlei personenbezogene Daten gespeichert. Sie k\u00f6nnen die Verwendung von \u201eCookies\u201c generell verhindern, wenn Sie in Ihrem Browser die Speicherung von \u201eCookies\u201c untersagen.<\/p><p>\u200d<\/p><p><strong><em>Nutzungsdaten<\/em><\/strong><\/p><p>Wenn Sie unsere Webseiten aufrufen, \u00fcbermitteln Sie (aus technischer Notwendigkeit) \u00fcber Ihren Internetbrowser Daten an unseren Webserver. Folgende Daten werden w\u00e4hrend einer laufenden Verbindung zur Kommunikation zwischen Ihrem Internetbrowser und unserem Webserver aufgezeichnet:<\/p><ul><li>Datum und Uhrzeit der Anforderung<\/li><li>Name der angeforderten Datei<\/li><li>Seite, von der aus die Datei angefordert wurde<\/li><li>Zugriffsstatus (Datei \u00fcbertragen, Datei nicht gefunden, etc.)<\/li><li>verwendeter Webbrowser und verwendetes Betriebssystem<\/li><li>vollst\u00e4ndige IP-Adresse des anfordernden Rechners<\/li><li>\u00fcbertragene Datenmenge.<\/li><\/ul><p>Aus Gr\u00fcnden der technischen Sicherheit, insbesondere zur Abwehr von Angriffsversuchen auf unseren Webserver, werden diese Daten von uns kurzzeitig gespeichert. Ein R\u00fcckschluss auf einzelne Personen ist uns anhand dieser Daten nicht m\u00f6glich. Nach sp\u00e4testens sieben Tagen werden die Daten durch Verk\u00fcrzung der IP-Adresse auf Domain-Ebene anonymisiert, so dass es nicht mehr m\u00f6glich ist, einen Bezug zum einzelnen Nutzer herzustellen. In anonymisierter Form werden die Daten daneben zu statistischen Zwecken verarbeitet; ein Abgleich mit anderen Datenbest\u00e4nden oder eine Weitergabe an Dritte, auch in Ausz\u00fcgen, findet nicht statt.<\/p><p>\u00a0<\/p><p><strong><em>Online-Terminvereinbarung<\/em><\/strong><\/p><p>Wir bieten auf unserer Website die M\u00f6glichkeit, mit uns Termine zu vereinbaren. F\u00fcr eine Terminvereinbarung setzen wir ein eigenes Tool ein, welches mit unserer Praxissoftware verbunden ist. Mit Absenden der Terminanfragewerden die Daten in dieses System \u00fcbertragen und gegebenenfalls abgeglichen. Bevor Sie die Schaltfl\u00e4che \u201eTermin buchen\u201c anklicken, findet keine Daten\u00fcbertragung statt.<\/p><p>Rechtsgrundlage der Verarbeitung ist Ihre Einwilligung gem\u00e4\u00df Art. 6 Abs. 1 lit. a)DSGVO.<\/p><p>Dieses Tool wird von vetpraxis.de e.K., Dorfstr. 15, 84069 Schierling zur Verf\u00fcgung gestellt, mit dem ein Auftragsverarbeitungsvertrag abgeschlossen wurde.<\/p><p>\u00a0<\/p><p><strong><em>Handhabung von Visitenkarten<\/em><\/strong><\/p><p>Im Rahmen der \u00dcbergabe bzw. Austausch von Visitenkarten teilen Sie uns personenbezogene Daten mit, wie Rufnummer, E-Mailadresse. Diese Angaben verwenden wir ausschliesslich, um mit Ihnen in Kontakt zubleiben. Dar\u00fcber hinaus leiten wir Ihnen weitere Informationen \u00fcber unsere Leistungen mit. Sofern Sie keine Produkte, bzw. Leistung aus unserem Sortiment kaufen, werden wir Ihre Kontaktdaten nach 5 Jahren l\u00f6schen.<\/p><p>\u00a0<\/p><p><strong><em>Spezifische Angaben zur Verarbeitung von Kundendaten\/Interessentendaten<\/em><\/strong><\/p><p>Betroffene Daten: Zur Vertragsdurchf\u00fchrung mitgeteilte Daten; ggfs. dar\u00fcber hinaus gehende Daten zur Verarbeitung auf Basis Ihrer ausdr\u00fccklichen Einwilligung.<\/p><p>Verarbeitungszweck: Vertragsdurchf\u00fchrung,Art. 6 Abs. 1 lit. b) DSGVO<\/p><p>Kategorien von Empf\u00e4ngern: \u00d6ffentliche Stellen bei Vorliegen vorrangiger Rechtsvorschriften<\/p><p>Externe Dienstleister oder sonstige Auftragnehmer.<\/p><p>Weitere externe Stellen soweit der Betroffene seine Einwilligung erteilt hat oder eine \u00dcbermittlung aus \u00fcberwiegendem Interessezul\u00e4ssig ist.<\/p><p>Drittlandtransfers: Im Rahmen der Vertragsdurchf\u00fchrung k\u00f6nnen auch Auftragsverarbeiter au\u00dferhalb der Europ\u00e4ischen Union zum Einsatzkommen.<\/p><p>Dauer Datenspeicherung: Die Dauer der Datenspeicherung richtet sich nach den gesetzlichen Aufbewahrungspflichten und betr\u00e4gt in der Regel 10 Jahre.<\/p><p>\u00a0<\/p><p><strong><em>Spezifische Angaben zur Verarbeitung von Lieferantendaten<\/em><\/strong><\/p><p>Betroffene Daten: Zur Vertragsdurchf\u00fchrung mitgeteilte Daten; ggfs. dar\u00fcber hinaus gehende Daten zur Verarbeitung auf Basis Ihrer ausdr\u00fccklichen Einwilligung.<\/p><p>Verarbeitungszweck: Vertragsdurchf\u00fchrung,Art. 6 Abs. 1 lit. b) DSGVO<\/p><p>Kategorien von Empf\u00e4ngern: \u00d6ffentliche Stellen bei Vorliegen vorrangiger Rechtsvorschriften.<\/p><p>Externe Dienstleister oder sonstige Auftragnehmer.<\/p><p>Weitere externe Stellen soweit der Betroffene seine Einwilligung erteilt hat oder eine \u00dcbermittlung aus \u00fcberwiegendem Interessezul\u00e4ssig ist.<\/p><p>Drittlandtransfers: Im Rahmen der Vertragsdurchf\u00fchrung k\u00f6nnen auch Auftragsverarbeiter au\u00dferhalb der Europ\u00e4ischen Union zum Einsatzkommen.<\/p><p>Dauer Datenspeicherung: Die Dauer der Datenspeicherung richtet sich nach den gesetzlichen Aufbewahrungspflichten und betr\u00e4gt in der Regel 10 Jahre.<\/p><p>\u00a0<\/p><p><strong><em>Spezifische Angaben zum Bewerbungsverfahren<\/em><\/strong><\/p><p>Betroffene Daten: Bewerbungsangaben<\/p><p>Verarbeitungszweck: Durchf\u00fchrung Bewerbungsverfahren, Art. 6 Abs. 1 lit. b) DSGVO<\/p><p>Kategorien von Empf\u00e4ngern: \u00d6ffentliche Stellen bei Vorliegen vorrangiger Rechtsvorschriften.<\/p><p>Externe Dienstleister oder sonstige Auftragnehmer, u.a. zur Datenverarbeitung und Hosting.<\/p><p>Weitere externe Stellen soweit der Betroffene seine Einwilligung erteilt hat oder eine \u00dcbermittlung aus \u00fcberwiegendem Interessezul\u00e4ssig ist, u.a. Kunden und Interessenten im Rahmen der Auftragsakquise.<\/p><p>Drittlandtransfers: Im Rahmen der Vertragsdurchf\u00fchrung k\u00f6nnen auch Auftragsverarbeiter au\u00dferhalb der Europ\u00e4ischen Union zum Einsatzkommen, u.a. Email-Provider.<\/p><p>Dauer Datenspeicherung: Bewerbungsdaten werden nach Mitteilung der Entscheidung in der Regel binnen sechs Monaten gel\u00f6scht, soweit nicht eine Einwilligung in eine l\u00e4ngere Datenspeicherung im Rahmender Aufnahme in den Bewerberpool vorliegt.<\/p><p>\u00a0<\/p><p><strong><em>Spezifische Angaben zur Verarbeitung von Besch\u00e4ftigtendaten<\/em><\/strong><\/p><p>Betroffene Daten: Zur Vertragsdurchf\u00fchrung mitgeteilte Daten; ggfs. dar\u00fcber hinaus gehende Daten zur Verarbeitung auf Basis Ihrer ausdr\u00fccklichen Einwilligung.<\/p><p>Verarbeitungszweck: Vertragsdurchf\u00fchrung im Rahmen des Besch\u00e4ftigungsverh\u00e4ltnisses. Art. 6 Abs. 1 lit. b) DSGVO<\/p><p>Kategorien von Empf\u00e4ngern: \u00d6ffentliche Stellen bei Vorliegenvorrangiger Rechtsvorschriften, u.a. Finanzamt, Sozialversicherungstr\u00e4ger, Berufsgenossenschaft.<\/p><p>Externe Dienstleister oder sonstige Auftragnehmer, u.a. zur Datenverarbeitung und Hosting, zur Entgeltabrechnung, zur Reisekostenabrechnung, zu Versicherungsleistungen, zur Fahrzeugnutzung.<\/p><p>Weitere externe Stellen soweit der Betroffene seine Einwilligung erteilt hat oder eine \u00dcbermittlung aus \u00fcberwiegendem Interessezul\u00e4ssig ist, u.a. zur Auftragsakquise, zu Versicherungsleistungen.<\/p><p>Drittlandtransfers: Im Rahmen der Vertragsdurchf\u00fchrung k\u00f6nnen auch Auftragsverarbeiter au\u00dferhalb der Europ\u00e4ischen Union zum Einsatzkommen, u.a. Email-Provider.<\/p><p>Dauer Datenspeicherung: Die Dauer der Datenspeicherung richtet sich nach den gesetzlichen Aufbewahrungspflichten und betr\u00e4gt in der Regel 10 Jahre.<\/p><p>\u00a0<\/p><p><strong><em>Spezifische Angaben zur Nutzung von Video-Konferenz-\/Webinar-Software<\/em><\/strong><\/p><p>Betroffene Daten: Zur Nutzung der Video-Konferenz-Software bzw. der Webinar-Software mitgeteilte Daten (insb. Vorname, Nachname, E-Mail-Adresse; optional: Ton-\u00dcbertragung; optional: Bild-\u00dcbertragung; optional: Fragen bei Nutzung von Chat-Funktionen);im technisch erforderlichen Umfang Verarbeitung von Daten ihres Systems zur Herstellung der Verbindung mit dem Anbieter der Konferenz-Software<\/p><p>Verarbeitungszweck: Durchf\u00fchrung von Video-Konferenzen bzw. Webinaren.<\/p><p>Art. 6 Abs. 1 lit. a) DSGVO<\/p><p>Kategorien von Empf\u00e4ngern: \u00d6ffentliche Stellen bei Vorliegenvorrangiger Rechtsvorschriften. Externe Dienstleister oder sonstige Auftragnehmer, u.a. zur Datenverarbeitung und Hosting. Weitere externe Stellen soweit der Betroffene seine Einwilligung erteilt hat oder eine \u00dcbermittlung aus \u00fcberwiegendem Interesse zul\u00e4ssig ist.<\/p><p>Drittlandtransfers: Es werden Auftragsverarbeiter au\u00dferhalb der Europ\u00e4ischen Union eingesetzt (hier: Vereinigte Staaten von Amerika); es wurden entsprechend Standardvertragsklauseln mit dem Dienstleister abgeschlossen.<\/p><p>Dauer Datenspeicherung: Eine Aufnahme von Video-Konferenzen findet nur mit vorher dokumentierter Zustimmung der Teilnehmer statt. Die technischen Daten werden gel\u00f6scht, sofern sie nicht mehrerforderlich sind. Die Dauer der Datenspeicherung richtet sich im \u00dcbrigen nach den gesetzlichen Aufbewahrungspflichten und betr\u00e4gt in der Regel 10 Jahre.<\/p><p>\u00a0<\/p><p><strong>Weitere Informationen und Kontakte<\/strong><\/p><p>Dar\u00fcber hinausk\u00f6nnen Sie jederzeit ihre Anspr\u00fcche auf Berichtigung oder L\u00f6schung oder auf Einschr\u00e4nkung der Verarbeitung oder der Wahrnehmung Ihres Widerspruchsrechts gegen die Verarbeitung sowie das Recht auf Daten\u00fcbertragbarkeit geltend machen. Hier finden Sie die M\u00f6glichkeit, uns per E-Mail oder Brief [bitte individuell verlinken i.d.R. Impressum] zu kontaktieren. Sie haben ferner das Recht, sich bei Beschwerden an die Datenschutz-Aufsichtsbeh\u00f6rde zu wenden.<\/p><p>\u00a0<\/p><\/div><\/div><\/div><\/div>\t\t\t\t\t\t\t\t<\/div>\n\t\t\t\t\t<\/div>\n\t\t\t\t<\/div>\n\t\t\t\t<\/div>\n\t\t","protected":false},"excerpt":{"rendered":"<p>Datenschutz Webseiten-Datenschutzerkl\u00e4rung und zugleich Information derBetroffenen gem\u00e4\u00df Artikel 13 und Artikel 14EU-Datenschutzgrundverordnung \u00a0 Allgemeine Angaben Angaben zur verantwortlichen Stelle Unternehmen: Tierarztpraxis Kubicek Adresse: Werner-von-Siemens-Str. 62, 92224 Amberg info@tierarztpraxis-kubicek.de \u00a0 Allgemeine Datenverarbeitungs-Informationen Betroffene Daten: Personenbezogene Daten werden nur erhoben, wenn Sie uns diese von sich aus mitteilen. Dar\u00fcber hinaus werden keine personenbezogenen Daten erhoben. Eine \u00fcber [&hellip;]<\/p>\n","protected":false},"author":2,"featured_media":0,"parent":0,"menu_order":0,"comment_status":"closed","ping_status":"closed","template":"","meta":{"footnotes":""},"class_list":["post-247","page","type-page","status-publish","hentry"],"_links":{"self":[{"href":"https:\/\/tierarztpraxis-kubicek.de\/index.php?rest_route=\/wp\/v2\/pages\/247","targetHints":{"allow":["GET"]}}],"collection":[{"href":"https:\/\/tierarztpraxis-kubicek.de\/index.php?rest_route=\/wp\/v2\/pages"}],"about":[{"href":"https:\/\/tierarztpraxis-kubicek.de\/index.php?rest_route=\/wp\/v2\/types\/page"}],"author":[{"embeddable":true,"href":"https:\/\/tierarztpraxis-kubicek.de\/index.php?rest_route=\/wp\/v2\/users\/2"}],"replies":[{"embeddable":true,"href":"https:\/\/tierarztpraxis-kubicek.de\/index.php?rest_route=%2Fwp%2Fv2%2Fcomments&post=247"}],"version-history":[{"count":10,"href":"https:\/\/tierarztpraxis-kubicek.de\/index.php?rest_route=\/wp\/v2\/pages\/247\/revisions"}],"predecessor-version":[{"id":454,"href":"https:\/\/tierarztpraxis-kubicek.de\/index.php?rest_route=\/wp\/v2\/pages\/247\/revisions\/454"}],"wp:attachment":[{"href":"https:\/\/tierarztpraxis-kubicek.de\/index.php?rest_route=%2Fwp%2Fv2%2Fmedia&parent=247"}],"curies":[{"name":"wp","href":"https:\/\/api.w.org\/{rel}","templated":true}]}}