{"id":2,"date":"2025-08-24T22:46:45","date_gmt":"2025-08-24T20:46:45","guid":{"rendered":"https:\/\/tierarztpraxis-kubicek.de\/?page_id=2"},"modified":"2025-10-24T21:10:08","modified_gmt":"2025-10-24T19:10:08","slug":"notfall","status":"publish","type":"page","link":"https:\/\/tierarztpraxis-kubicek.de\/?page_id=2","title":{"rendered":"Notfall"},"content":{"rendered":"\t\t<div data-elementor-type=\"wp-page\" data-elementor-id=\"2\" class=\"elementor elementor-2\" data-elementor-post-type=\"page\">\n\t\t\t\t<div class=\"elementor-element elementor-element-e55bffd e-flex e-con-boxed e-con e-parent\" data-id=\"e55bffd\" data-element_type=\"container\" data-e-type=\"container\">\n\t\t\t\t\t<div class=\"e-con-inner\">\n\t\t\t\t<div class=\"elementor-element elementor-element-e7d4aba elementor-widget elementor-widget-heading\" data-id=\"e7d4aba\" data-element_type=\"widget\" data-e-type=\"widget\" data-widget_type=\"heading.default\">\n\t\t\t\t\t<h2 class=\"elementor-heading-title elementor-size-default\">Notfall<\/h2>\t\t\t\t<\/div>\n\t\t\t\t\t<\/div>\n\t\t\t\t<\/div>\n\t\t<div class=\"elementor-element elementor-element-6ede8373 e-flex e-con-boxed e-con e-parent\" data-id=\"6ede8373\" data-element_type=\"container\" data-e-type=\"container\">\n\t\t\t\t\t<div class=\"e-con-inner\">\n\t\t\t\t<div class=\"elementor-element elementor-element-6a92932b elementor-widget elementor-widget-text-editor\" data-id=\"6a92932b\" data-element_type=\"widget\" data-e-type=\"widget\" data-widget_type=\"text-editor.default\">\n\t\t\t\t\t\t\t\t\t<p>Im Notfall kontaktieren Sie uns bitte telefonisch ! So k\u00f6nnen wir ggf. schon Vorbereitungen treffen.<\/p>\n<p>Au\u00dferhalb unserer \u00d6ffnungszeiten steht Ihnen der tier\u00e4rztliche Notdienst des Landkreises Amberg-Sulzbach zur Verf\u00fcgung.<\/p>\n<p>Diesen erreichen Sie unter der zentralen Rufnummer: 09661\/8779922<\/p>\n<p>Im Notdienst wird eine durch die GOT vorgeschriebene Notdienstgeb\u00fchr von 50\u20ac netto erhoben und es muss mindestens der 2-fache Geb\u00fchrensatz abgerechnet werden. Eine Abrechnung bis zum vierfachen Geb\u00fchrensatz ist erlaubt.<\/p>\t\t\t\t\t\t\t\t<\/div>\n\t\t\t\t\t<\/div>\n\t\t\t\t<\/div>\n\t\t\t\t<\/div>\n\t\t","protected":false},"excerpt":{"rendered":"<p>Notfall Im Notfall kontaktieren Sie uns bitte telefonisch ! So k\u00f6nnen wir ggf. schon Vorbereitungen treffen. Au\u00dferhalb unserer \u00d6ffnungszeiten steht Ihnen der tier\u00e4rztliche Notdienst des Landkreises Amberg-Sulzbach zur Verf\u00fcgung. Diesen erreichen Sie unter der zentralen Rufnummer: 09661\/8779922 Im Notdienst wird eine durch die GOT vorgeschriebene Notdienstgeb\u00fchr von 50\u20ac netto erhoben und es muss mindestens der [&hellip;]<\/p>\n","protected":false},"author":1,"featured_media":0,"parent":0,"menu_order":0,"comment_status":"closed","ping_status":"closed","template":"","meta":{"footnotes":""},"class_list":["post-2","page","type-page","status-publish","hentry"],"_links":{"self":[{"href":"https:\/\/tierarztpraxis-kubicek.de\/index.php?rest_route=\/wp\/v2\/pages\/2","targetHints":{"allow":["GET"]}}],"collection":[{"href":"https:\/\/tierarztpraxis-kubicek.de\/index.php?rest_route=\/wp\/v2\/pages"}],"about":[{"href":"https:\/\/tierarztpraxis-kubicek.de\/index.php?rest_route=\/wp\/v2\/types\/page"}],"author":[{"embeddable":true,"href":"https:\/\/tierarztpraxis-kubicek.de\/index.php?rest_route=\/wp\/v2\/users\/1"}],"replies":[{"embeddable":true,"href":"https:\/\/tierarztpraxis-kubicek.de\/index.php?rest_route=%2Fwp%2Fv2%2Fcomments&post=2"}],"version-history":[{"count":18,"href":"https:\/\/tierarztpraxis-kubicek.de\/index.php?rest_route=\/wp\/v2\/pages\/2\/revisions"}],"predecessor-version":[{"id":472,"href":"https:\/\/tierarztpraxis-kubicek.de\/index.php?rest_route=\/wp\/v2\/pages\/2\/revisions\/472"}],"wp:attachment":[{"href":"https:\/\/tierarztpraxis-kubicek.de\/index.php?rest_route=%2Fwp%2Fv2%2Fmedia&parent=2"}],"curies":[{"name":"wp","href":"https:\/\/api.w.org\/{rel}","templated":true}]}}