{"id":19,"date":"2025-08-25T21:01:06","date_gmt":"2025-08-25T19:01:06","guid":{"rendered":"https:\/\/tierarztpraxis-kubicek.de\/?page_id=19"},"modified":"2025-10-29T22:09:04","modified_gmt":"2025-10-29T21:09:04","slug":"leistungen","status":"publish","type":"page","link":"https:\/\/tierarztpraxis-kubicek.de\/?page_id=19","title":{"rendered":"Leistungen"},"content":{"rendered":"\t\t<div data-elementor-type=\"wp-page\" data-elementor-id=\"19\" class=\"elementor elementor-19\" data-elementor-post-type=\"page\">\n\t\t\t\t<div class=\"elementor-element elementor-element-cc60e66 e-flex e-con-boxed e-con e-parent\" data-id=\"cc60e66\" data-element_type=\"container\" data-e-type=\"container\">\n\t\t\t\t\t<div class=\"e-con-inner\">\n\t\t\t\t<div class=\"elementor-element elementor-element-8043c3a elementor-widget elementor-widget-heading\" data-id=\"8043c3a\" data-element_type=\"widget\" data-e-type=\"widget\" data-widget_type=\"heading.default\">\n\t\t\t\t\t<h2 class=\"elementor-heading-title elementor-size-default\">Unsere Leistungen f\u00fcr Sie und Ihr Tier: <\/h2>\t\t\t\t<\/div>\n\t\t\t\t\t<\/div>\n\t\t\t\t<\/div>\n\t\t<div class=\"elementor-element elementor-element-81e3722 e-con-full e-flex e-con e-parent\" data-id=\"81e3722\" data-element_type=\"container\" data-e-type=\"container\">\n\t\t<div class=\"elementor-element elementor-element-ec75400 e-flex e-con-boxed e-con e-child\" data-id=\"ec75400\" data-element_type=\"container\" data-e-type=\"container\" data-settings=\"{&quot;background_background&quot;:&quot;classic&quot;}\">\n\t\t\t\t\t<div class=\"e-con-inner\">\n\t\t<div class=\"elementor-element elementor-element-df8b555 e-con-full e-flex e-con e-child\" data-id=\"df8b555\" data-element_type=\"container\" data-e-type=\"container\">\n\t\t\t\t<div class=\"elementor-element elementor-element-eee4d96 elementor-widget__width-initial elementor-widget elementor-widget-text-editor\" data-id=\"eee4d96\" data-element_type=\"widget\" data-e-type=\"widget\" data-widget_type=\"text-editor.default\">\n\t\t\t\t\t\t\t\t\t<h3 style=\"text-align: center;\"><b>Allgemeine Untersuchung &amp; Vorsorge<\/b><\/h3><p>Regelm\u00e4\u00dfige Gesundheitschecks helfen, Krankheiten fr\u00fchzeitig zu erkennen und vorzubeugen. Wir beraten Sie individuell zu Impfungen, Parasitenprophylaxe und artgerechter Haltung.<\/p>\t\t\t\t\t\t\t\t<\/div>\n\t\t\t\t<\/div>\n\t\t<div class=\"elementor-element elementor-element-839b59b e-con-full e-flex e-con e-child\" data-id=\"839b59b\" data-element_type=\"container\" data-e-type=\"container\">\n\t\t\t\t<div class=\"elementor-element elementor-element-6b7ce53 elementor-widget elementor-widget-image\" data-id=\"6b7ce53\" data-element_type=\"widget\" data-e-type=\"widget\" data-widget_type=\"image.default\">\n\t\t\t\t\t\t\t\t\t\t\t\t\t\t\t<img fetchpriority=\"high\" decoding=\"async\" width=\"755\" height=\"504\" src=\"https:\/\/tierarztpraxis-kubicek.de\/wp-content\/uploads\/2025\/10\/allg.jpg\" class=\"attachment-full size-full wp-image-505\" alt=\"\" srcset=\"https:\/\/tierarztpraxis-kubicek.de\/wp-content\/uploads\/2025\/10\/allg.jpg 755w, https:\/\/tierarztpraxis-kubicek.de\/wp-content\/uploads\/2025\/10\/allg-300x200.jpg 300w\" sizes=\"(max-width: 755px) 100vw, 755px\" \/>\t\t\t\t\t\t\t\t\t\t\t\t\t\t\t<\/div>\n\t\t\t\t<\/div>\n\t\t\t\t\t<\/div>\n\t\t\t\t<\/div>\n\t\t\t\t<\/div>\n\t\t<div class=\"elementor-element elementor-element-fa35b3a e-con-full e-flex e-con e-parent\" data-id=\"fa35b3a\" data-element_type=\"container\" data-e-type=\"container\">\n\t\t<div class=\"elementor-element elementor-element-3bedf1f e-flex e-con-boxed e-con e-child\" data-id=\"3bedf1f\" data-element_type=\"container\" data-e-type=\"container\" data-settings=\"{&quot;background_background&quot;:&quot;classic&quot;}\">\n\t\t\t\t\t<div class=\"e-con-inner\">\n\t\t<div class=\"elementor-element elementor-element-108db2c e-con-full e-flex e-con e-child\" data-id=\"108db2c\" data-element_type=\"container\" data-e-type=\"container\">\n\t\t\t\t<div class=\"elementor-element elementor-element-81bcb53 elementor-widget elementor-widget-image\" data-id=\"81bcb53\" data-element_type=\"widget\" data-e-type=\"widget\" data-widget_type=\"image.default\">\n\t\t\t\t\t\t\t\t\t\t\t\t\t\t\t<img decoding=\"async\" width=\"715\" height=\"472\" src=\"https:\/\/tierarztpraxis-kubicek.de\/wp-content\/uploads\/2025\/10\/impfungen.jpg\" class=\"attachment-large size-large wp-image-489\" alt=\"\" srcset=\"https:\/\/tierarztpraxis-kubicek.de\/wp-content\/uploads\/2025\/10\/impfungen.jpg 715w, https:\/\/tierarztpraxis-kubicek.de\/wp-content\/uploads\/2025\/10\/impfungen-300x198.jpg 300w\" sizes=\"(max-width: 715px) 100vw, 715px\" \/>\t\t\t\t\t\t\t\t\t\t\t\t\t\t\t<\/div>\n\t\t\t\t<\/div>\n\t\t<div class=\"elementor-element elementor-element-1de5720 e-con-full e-flex e-con e-child\" data-id=\"1de5720\" data-element_type=\"container\" data-e-type=\"container\">\n\t\t\t\t<div class=\"elementor-element elementor-element-1fe2db8 elementor-widget__width-initial elementor-widget elementor-widget-text-editor\" data-id=\"1fe2db8\" data-element_type=\"widget\" data-e-type=\"widget\" data-widget_type=\"text-editor.default\">\n\t\t\t\t\t\t\t\t\t<h3 style=\"text-align: center;\"><b>Impfungen<\/b><\/h3><p>Ein wirksamer Schutz vor ansteckenden Krankheiten ist entscheidend f\u00fcr die Gesundheit Ihres Tieres. Wir erstellen einen Impfplan, der optimal auf Alter und Lebensweise abgestimmt ist.<\/p>\t\t\t\t\t\t\t\t<\/div>\n\t\t\t\t<\/div>\n\t\t\t\t\t<\/div>\n\t\t\t\t<\/div>\n\t\t\t\t<\/div>\n\t\t<div class=\"elementor-element elementor-element-0f74985 e-con-full e-flex e-con e-parent\" data-id=\"0f74985\" data-element_type=\"container\" data-e-type=\"container\">\n\t\t<div class=\"elementor-element elementor-element-d16f8a3 e-flex e-con-boxed e-con e-child\" data-id=\"d16f8a3\" data-element_type=\"container\" data-e-type=\"container\" data-settings=\"{&quot;background_background&quot;:&quot;classic&quot;}\">\n\t\t\t\t\t<div class=\"e-con-inner\">\n\t\t<div class=\"elementor-element elementor-element-d547d86 e-con-full e-flex e-con e-child\" data-id=\"d547d86\" data-element_type=\"container\" data-e-type=\"container\">\n\t\t\t\t<div class=\"elementor-element elementor-element-9c66887 elementor-widget__width-initial elementor-widget elementor-widget-text-editor\" data-id=\"9c66887\" data-element_type=\"widget\" data-e-type=\"widget\" data-widget_type=\"text-editor.default\">\n\t\t\t\t\t\t\t\t\t<h3 style=\"text-align: center;\"><strong data-start=\"2300\" data-end=\"2318\">Innere Medizin<\/strong><\/h3><p>Diagnose und Behandlung von Erkrankungen der inneren Organe \u2013 wie Herz, Leber, Nieren oder Verdauungssystem \u2013 mithilfe moderner Diagnostik und individueller Therapie.<\/p>\t\t\t\t\t\t\t\t<\/div>\n\t\t\t\t<\/div>\n\t\t<div class=\"elementor-element elementor-element-b145832 e-con-full e-flex e-con e-child\" data-id=\"b145832\" data-element_type=\"container\" data-e-type=\"container\">\n\t\t\t\t<div class=\"elementor-element elementor-element-e3d54bd elementor-widget elementor-widget-image\" data-id=\"e3d54bd\" data-element_type=\"widget\" data-e-type=\"widget\" data-widget_type=\"image.default\">\n\t\t\t\t\t\t\t\t\t\t\t\t\t\t\t<img decoding=\"async\" width=\"695\" height=\"523\" src=\"https:\/\/tierarztpraxis-kubicek.de\/wp-content\/uploads\/2025\/10\/Innere_medizin.jpg\" class=\"attachment-large size-large wp-image-490\" alt=\"\" srcset=\"https:\/\/tierarztpraxis-kubicek.de\/wp-content\/uploads\/2025\/10\/Innere_medizin.jpg 695w, https:\/\/tierarztpraxis-kubicek.de\/wp-content\/uploads\/2025\/10\/Innere_medizin-300x226.jpg 300w\" sizes=\"(max-width: 695px) 100vw, 695px\" \/>\t\t\t\t\t\t\t\t\t\t\t\t\t\t\t<\/div>\n\t\t\t\t<\/div>\n\t\t\t\t\t<\/div>\n\t\t\t\t<\/div>\n\t\t\t\t<\/div>\n\t\t<div class=\"elementor-element elementor-element-d488da5 e-con-full e-flex e-con e-parent\" data-id=\"d488da5\" data-element_type=\"container\" data-e-type=\"container\">\n\t\t<div class=\"elementor-element elementor-element-aba959d e-flex e-con-boxed e-con e-child\" data-id=\"aba959d\" data-element_type=\"container\" data-e-type=\"container\" data-settings=\"{&quot;background_background&quot;:&quot;classic&quot;}\">\n\t\t\t\t\t<div class=\"e-con-inner\">\n\t\t<div class=\"elementor-element elementor-element-2b95601 e-con-full e-flex e-con e-child\" data-id=\"2b95601\" data-element_type=\"container\" data-e-type=\"container\">\n\t\t\t\t<div class=\"elementor-element elementor-element-5010c9f elementor-widget elementor-widget-image\" data-id=\"5010c9f\" data-element_type=\"widget\" data-e-type=\"widget\" data-widget_type=\"image.default\">\n\t\t\t\t\t\t\t\t\t\t\t\t\t\t\t<img loading=\"lazy\" decoding=\"async\" width=\"800\" height=\"464\" src=\"https:\/\/tierarztpraxis-kubicek.de\/wp-content\/uploads\/2025\/10\/chirurgie-1024x594.jpg\" class=\"attachment-large size-large wp-image-488\" alt=\"\" srcset=\"https:\/\/tierarztpraxis-kubicek.de\/wp-content\/uploads\/2025\/10\/chirurgie-1024x594.jpg 1024w, https:\/\/tierarztpraxis-kubicek.de\/wp-content\/uploads\/2025\/10\/chirurgie-300x174.jpg 300w, https:\/\/tierarztpraxis-kubicek.de\/wp-content\/uploads\/2025\/10\/chirurgie-768x446.jpg 768w, https:\/\/tierarztpraxis-kubicek.de\/wp-content\/uploads\/2025\/10\/chirurgie.jpg 1342w\" sizes=\"(max-width: 800px) 100vw, 800px\" \/>\t\t\t\t\t\t\t\t\t\t\t\t\t\t\t<\/div>\n\t\t\t\t<\/div>\n\t\t<div class=\"elementor-element elementor-element-d19f7ac e-con-full e-flex e-con e-child\" data-id=\"d19f7ac\" data-element_type=\"container\" data-e-type=\"container\">\n\t\t\t\t<div class=\"elementor-element elementor-element-94d8e5f elementor-widget__width-initial elementor-widget elementor-widget-text-editor\" data-id=\"94d8e5f\" data-element_type=\"widget\" data-e-type=\"widget\" data-widget_type=\"text-editor.default\">\n\t\t\t\t\t\t\t\t\t<h3 style=\"text-align: center;\"><strong>Chirurgie<\/strong><\/h3><p>Von Routineeingriffen bis zu komplexen Operationen \u2013 wir f\u00fchren chirurgische Behandlungen mit modernster Narkosetechnik, gr\u00f6\u00dfter Sorgfalt und umfassender Nachsorge durch.<\/p>\t\t\t\t\t\t\t\t<\/div>\n\t\t\t\t<\/div>\n\t\t\t\t\t<\/div>\n\t\t\t\t<\/div>\n\t\t\t\t<\/div>\n\t\t<div class=\"elementor-element elementor-element-c63e8e8 e-con-full e-flex e-con e-parent\" data-id=\"c63e8e8\" data-element_type=\"container\" data-e-type=\"container\">\n\t\t<div class=\"elementor-element elementor-element-8913fdc e-flex e-con-boxed e-con e-child\" data-id=\"8913fdc\" data-element_type=\"container\" data-e-type=\"container\" data-settings=\"{&quot;background_background&quot;:&quot;classic&quot;}\">\n\t\t\t\t\t<div class=\"e-con-inner\">\n\t\t<div class=\"elementor-element elementor-element-9587d83 e-con-full e-flex e-con e-child\" data-id=\"9587d83\" data-element_type=\"container\" data-e-type=\"container\">\n\t\t\t\t<div class=\"elementor-element elementor-element-437998c elementor-widget__width-initial elementor-widget elementor-widget-text-editor\" data-id=\"437998c\" data-element_type=\"widget\" data-e-type=\"widget\" data-widget_type=\"text-editor.default\">\n\t\t\t\t\t\t\t\t\t<h3 style=\"text-align: center;\" data-start=\"2675\" data-end=\"2703\"><b>Zahnheilkunde<\/b><\/h3><p data-start=\"2675\" data-end=\"2703\">Gesunde Z\u00e4hne sind entscheidend f\u00fcr das Wohlbefinden Ihres Tieres. Wir bieten professionelle Zahnreinigung, Dentalr\u00f6ntgen, Extraktionen sowie chirurgische Eingriffe im Maulbereich an.<\/p>\t\t\t\t\t\t\t\t<\/div>\n\t\t\t\t<\/div>\n\t\t<div class=\"elementor-element elementor-element-615aca7 e-con-full e-flex e-con e-child\" data-id=\"615aca7\" data-element_type=\"container\" data-e-type=\"container\">\n\t\t\t\t<div class=\"elementor-element elementor-element-9052df5 elementor-widget elementor-widget-image\" data-id=\"9052df5\" data-element_type=\"widget\" data-e-type=\"widget\" data-widget_type=\"image.default\">\n\t\t\t\t\t\t\t\t\t\t\t\t\t\t\t<img loading=\"lazy\" decoding=\"async\" width=\"790\" height=\"581\" src=\"https:\/\/tierarztpraxis-kubicek.de\/wp-content\/uploads\/2025\/10\/Zahnheilkunde.jpg\" class=\"attachment-large size-large wp-image-492\" alt=\"\" srcset=\"https:\/\/tierarztpraxis-kubicek.de\/wp-content\/uploads\/2025\/10\/Zahnheilkunde.jpg 790w, https:\/\/tierarztpraxis-kubicek.de\/wp-content\/uploads\/2025\/10\/Zahnheilkunde-300x221.jpg 300w, https:\/\/tierarztpraxis-kubicek.de\/wp-content\/uploads\/2025\/10\/Zahnheilkunde-768x565.jpg 768w\" sizes=\"(max-width: 790px) 100vw, 790px\" \/>\t\t\t\t\t\t\t\t\t\t\t\t\t\t\t<\/div>\n\t\t\t\t<\/div>\n\t\t\t\t\t<\/div>\n\t\t\t\t<\/div>\n\t\t\t\t<\/div>\n\t\t<div class=\"elementor-element elementor-element-f21cd40 e-con-full e-flex e-con e-parent\" data-id=\"f21cd40\" data-element_type=\"container\" data-e-type=\"container\">\n\t\t<div class=\"elementor-element elementor-element-2f539fe e-flex e-con-boxed e-con e-child\" data-id=\"2f539fe\" data-element_type=\"container\" data-e-type=\"container\" data-settings=\"{&quot;background_background&quot;:&quot;classic&quot;}\">\n\t\t\t\t\t<div class=\"e-con-inner\">\n\t\t<div class=\"elementor-element elementor-element-4cf2854 e-con-full e-flex e-con e-child\" data-id=\"4cf2854\" data-element_type=\"container\" data-e-type=\"container\">\n\t\t\t\t<div class=\"elementor-element elementor-element-8d1016d elementor-widget elementor-widget-image\" data-id=\"8d1016d\" data-element_type=\"widget\" data-e-type=\"widget\" data-widget_type=\"image.default\">\n\t\t\t\t\t\t\t\t\t\t\t\t\t\t\t<img loading=\"lazy\" decoding=\"async\" width=\"800\" height=\"542\" src=\"https:\/\/tierarztpraxis-kubicek.de\/wp-content\/uploads\/2025\/10\/roentgen.jpg\" class=\"attachment-large size-large wp-image-503\" alt=\"\" srcset=\"https:\/\/tierarztpraxis-kubicek.de\/wp-content\/uploads\/2025\/10\/roentgen.jpg 830w, https:\/\/tierarztpraxis-kubicek.de\/wp-content\/uploads\/2025\/10\/roentgen-300x203.jpg 300w, https:\/\/tierarztpraxis-kubicek.de\/wp-content\/uploads\/2025\/10\/roentgen-768x520.jpg 768w\" sizes=\"(max-width: 800px) 100vw, 800px\" \/>\t\t\t\t\t\t\t\t\t\t\t\t\t\t\t<\/div>\n\t\t\t\t<\/div>\n\t\t<div class=\"elementor-element elementor-element-582c577 e-con-full e-flex e-con e-child\" data-id=\"582c577\" data-element_type=\"container\" data-e-type=\"container\">\n\t\t\t\t<div class=\"elementor-element elementor-element-5e0d7e5 elementor-widget__width-initial elementor-widget elementor-widget-text-editor\" data-id=\"5e0d7e5\" data-element_type=\"widget\" data-e-type=\"widget\" data-widget_type=\"text-editor.default\">\n\t\t\t\t\t\t\t\t\t<h3 style=\"text-align: center;\"><b>Bildgebende Diagnostik<\/b><\/h3><p>Mit digitalem R\u00f6ntgen und Ultraschall erhalten wir pr\u00e4zise Einblicke in den K\u00f6rper Ihres Tieres \u2013 schonend, schnell und aussagekr\u00e4ftig.<\/p>\t\t\t\t\t\t\t\t<\/div>\n\t\t\t\t<\/div>\n\t\t\t\t\t<\/div>\n\t\t\t\t<\/div>\n\t\t\t\t<\/div>\n\t\t<div class=\"elementor-element elementor-element-6074cde e-con-full e-flex e-con e-parent\" data-id=\"6074cde\" data-element_type=\"container\" data-e-type=\"container\">\n\t\t<div class=\"elementor-element elementor-element-e502b3e e-flex e-con-boxed e-con e-child\" data-id=\"e502b3e\" data-element_type=\"container\" data-e-type=\"container\" data-settings=\"{&quot;background_background&quot;:&quot;classic&quot;}\">\n\t\t\t\t\t<div class=\"e-con-inner\">\n\t\t<div class=\"elementor-element elementor-element-6457819 e-con-full e-flex e-con e-child\" data-id=\"6457819\" data-element_type=\"container\" data-e-type=\"container\">\n\t\t\t\t<div class=\"elementor-element elementor-element-13dc0f4 elementor-widget__width-initial elementor-widget elementor-widget-text-editor\" data-id=\"13dc0f4\" data-element_type=\"widget\" data-e-type=\"widget\" data-widget_type=\"text-editor.default\">\n\t\t\t\t\t\t\t\t\t<h3 style=\"text-align: center;\"><b>Dermatologie (Hauterkrankungen)<\/b><\/h3><p>Hautprobleme wie Juckreiz, Allergien oder Fellver\u00e4nderungen werden von uns gr\u00fcndlich untersucht und individuell behandelt.<\/p>\t\t\t\t\t\t\t\t<\/div>\n\t\t\t\t<\/div>\n\t\t<div class=\"elementor-element elementor-element-eef1b1e e-con-full e-flex e-con e-child\" data-id=\"eef1b1e\" data-element_type=\"container\" data-e-type=\"container\">\n\t\t\t\t<div class=\"elementor-element elementor-element-a0782ce elementor-widget elementor-widget-image\" data-id=\"a0782ce\" data-element_type=\"widget\" data-e-type=\"widget\" data-widget_type=\"image.default\">\n\t\t\t\t\t\t\t\t\t\t\t\t\t\t\t<img loading=\"lazy\" decoding=\"async\" width=\"678\" height=\"500\" src=\"https:\/\/tierarztpraxis-kubicek.de\/wp-content\/uploads\/2025\/10\/Dermatologie.jpg\" class=\"attachment-large size-large wp-image-485\" alt=\"\" srcset=\"https:\/\/tierarztpraxis-kubicek.de\/wp-content\/uploads\/2025\/10\/Dermatologie.jpg 678w, https:\/\/tierarztpraxis-kubicek.de\/wp-content\/uploads\/2025\/10\/Dermatologie-300x221.jpg 300w\" sizes=\"(max-width: 678px) 100vw, 678px\" \/>\t\t\t\t\t\t\t\t\t\t\t\t\t\t\t<\/div>\n\t\t\t\t<\/div>\n\t\t\t\t\t<\/div>\n\t\t\t\t<\/div>\n\t\t\t\t<\/div>\n\t\t<div class=\"elementor-element elementor-element-3be440a e-con-full e-flex e-con e-parent\" data-id=\"3be440a\" data-element_type=\"container\" data-e-type=\"container\">\n\t\t<div class=\"elementor-element elementor-element-dc6ba0f e-flex e-con-boxed e-con e-child\" data-id=\"dc6ba0f\" data-element_type=\"container\" data-e-type=\"container\" data-settings=\"{&quot;background_background&quot;:&quot;classic&quot;}\">\n\t\t\t\t\t<div class=\"e-con-inner\">\n\t\t<div class=\"elementor-element elementor-element-51824b1 e-con-full e-flex e-con e-child\" data-id=\"51824b1\" data-element_type=\"container\" data-e-type=\"container\">\n\t\t\t\t<div class=\"elementor-element elementor-element-40a3b19 elementor-widget elementor-widget-image\" data-id=\"40a3b19\" data-element_type=\"widget\" data-e-type=\"widget\" data-widget_type=\"image.default\">\n\t\t\t\t\t\t\t\t\t\t\t\t\t\t\t<img loading=\"lazy\" decoding=\"async\" width=\"786\" height=\"529\" src=\"https:\/\/tierarztpraxis-kubicek.de\/wp-content\/uploads\/2025\/10\/geri.jpg\" class=\"attachment-large size-large wp-image-507\" alt=\"\" srcset=\"https:\/\/tierarztpraxis-kubicek.de\/wp-content\/uploads\/2025\/10\/geri.jpg 786w, https:\/\/tierarztpraxis-kubicek.de\/wp-content\/uploads\/2025\/10\/geri-300x202.jpg 300w, https:\/\/tierarztpraxis-kubicek.de\/wp-content\/uploads\/2025\/10\/geri-768x517.jpg 768w\" sizes=\"(max-width: 786px) 100vw, 786px\" \/>\t\t\t\t\t\t\t\t\t\t\t\t\t\t\t<\/div>\n\t\t\t\t<\/div>\n\t\t<div class=\"elementor-element elementor-element-09360e8 e-con-full e-flex e-con e-child\" data-id=\"09360e8\" data-element_type=\"container\" data-e-type=\"container\">\n\t\t\t\t<div class=\"elementor-element elementor-element-7bad779 elementor-widget__width-initial elementor-widget elementor-widget-text-editor\" data-id=\"7bad779\" data-element_type=\"widget\" data-e-type=\"widget\" data-widget_type=\"text-editor.default\">\n\t\t\t\t\t\t\t\t\t<h3 style=\"text-align: center;\"><b>Geriatrie (Altersmedizin)<\/b><\/h3><p>\u00c4ltere Tiere ben\u00f6tigen besondere Aufmerksamkeit. Wir begleiten Ihr Tier im Alter mit angepasster Vorsorge, Schmerztherapie und Ern\u00e4hrungsberatung.<\/p>\t\t\t\t\t\t\t\t<\/div>\n\t\t\t\t<\/div>\n\t\t\t\t\t<\/div>\n\t\t\t\t<\/div>\n\t\t\t\t<\/div>\n\t\t<div class=\"elementor-element elementor-element-01c26e9 e-con-full e-flex e-con e-parent\" data-id=\"01c26e9\" data-element_type=\"container\" data-e-type=\"container\">\n\t\t<div class=\"elementor-element elementor-element-910dcd7 e-flex e-con-boxed e-con e-child\" data-id=\"910dcd7\" data-element_type=\"container\" data-e-type=\"container\" data-settings=\"{&quot;background_background&quot;:&quot;classic&quot;}\">\n\t\t\t\t\t<div class=\"e-con-inner\">\n\t\t<div class=\"elementor-element elementor-element-b7c01dc e-con-full e-flex e-con e-child\" data-id=\"b7c01dc\" data-element_type=\"container\" data-e-type=\"container\">\n\t\t\t\t<div class=\"elementor-element elementor-element-741d9e7 elementor-widget__width-initial elementor-widget elementor-widget-text-editor\" data-id=\"741d9e7\" data-element_type=\"widget\" data-e-type=\"widget\" data-widget_type=\"text-editor.default\">\n\t\t\t\t\t\t\t\t\t<h3 style=\"text-align: center;\"><b>Ern\u00e4hrungsberatung<\/b><\/h3><p>Eine ausgewogene Ern\u00e4hrung tr\u00e4gt entscheidend zur Gesundheit bei. Wir beraten Sie bei Futterunvertr\u00e4glichkeiten, Gewichtsproblemen oder speziellen Ern\u00e4hrungsbed\u00fcrfnissen.<\/p>\t\t\t\t\t\t\t\t<\/div>\n\t\t\t\t<\/div>\n\t\t<div class=\"elementor-element elementor-element-fcfa3cb e-con-full e-flex e-con e-child\" data-id=\"fcfa3cb\" data-element_type=\"container\" data-e-type=\"container\">\n\t\t\t\t<div class=\"elementor-element elementor-element-4ef1d48 elementor-widget elementor-widget-image\" data-id=\"4ef1d48\" data-element_type=\"widget\" data-e-type=\"widget\" data-widget_type=\"image.default\">\n\t\t\t\t\t\t\t\t\t\t\t\t\t\t\t<img loading=\"lazy\" decoding=\"async\" width=\"780\" height=\"527\" src=\"https:\/\/tierarztpraxis-kubicek.de\/wp-content\/uploads\/2025\/10\/futtern.jpg\" class=\"attachment-large size-large wp-image-506\" alt=\"\" srcset=\"https:\/\/tierarztpraxis-kubicek.de\/wp-content\/uploads\/2025\/10\/futtern.jpg 780w, https:\/\/tierarztpraxis-kubicek.de\/wp-content\/uploads\/2025\/10\/futtern-300x203.jpg 300w, https:\/\/tierarztpraxis-kubicek.de\/wp-content\/uploads\/2025\/10\/futtern-768x519.jpg 768w\" sizes=\"(max-width: 780px) 100vw, 780px\" \/>\t\t\t\t\t\t\t\t\t\t\t\t\t\t\t<\/div>\n\t\t\t\t<\/div>\n\t\t\t\t\t<\/div>\n\t\t\t\t<\/div>\n\t\t\t\t<\/div>\n\t\t<div class=\"elementor-element elementor-element-6b9a948 e-con-full e-flex e-con e-parent\" data-id=\"6b9a948\" data-element_type=\"container\" data-e-type=\"container\">\n\t\t<div class=\"elementor-element elementor-element-2c6f0de e-flex e-con-boxed e-con e-child\" data-id=\"2c6f0de\" data-element_type=\"container\" data-e-type=\"container\" data-settings=\"{&quot;background_background&quot;:&quot;classic&quot;}\">\n\t\t\t\t\t<div class=\"e-con-inner\">\n\t\t<div class=\"elementor-element elementor-element-2990d1e e-con-full e-flex e-con e-child\" data-id=\"2990d1e\" data-element_type=\"container\" data-e-type=\"container\">\n\t\t\t\t<div class=\"elementor-element elementor-element-7704aee elementor-widget elementor-widget-image\" data-id=\"7704aee\" data-element_type=\"widget\" data-e-type=\"widget\" data-widget_type=\"image.default\">\n\t\t\t\t\t\t\t\t\t\t\t\t\t\t\t<img loading=\"lazy\" decoding=\"async\" width=\"701\" height=\"454\" src=\"https:\/\/tierarztpraxis-kubicek.de\/wp-content\/uploads\/2025\/10\/notfall.jpg\" class=\"attachment-large size-large wp-image-502\" alt=\"\" srcset=\"https:\/\/tierarztpraxis-kubicek.de\/wp-content\/uploads\/2025\/10\/notfall.jpg 701w, https:\/\/tierarztpraxis-kubicek.de\/wp-content\/uploads\/2025\/10\/notfall-300x194.jpg 300w\" sizes=\"(max-width: 701px) 100vw, 701px\" \/>\t\t\t\t\t\t\t\t\t\t\t\t\t\t\t<\/div>\n\t\t\t\t<\/div>\n\t\t<div class=\"elementor-element elementor-element-0719983 e-con-full e-flex e-con e-child\" data-id=\"0719983\" data-element_type=\"container\" data-e-type=\"container\">\n\t\t\t\t<div class=\"elementor-element elementor-element-055010f elementor-widget__width-initial elementor-widget elementor-widget-text-editor\" data-id=\"055010f\" data-element_type=\"widget\" data-e-type=\"widget\" data-widget_type=\"text-editor.default\">\n\t\t\t\t\t\t\t\t\t<h3 style=\"text-align: center;\"><b>Notfallversorgung<\/b><\/h3><p>Im Akutfall sind wir schnell zur Stelle. Wir stabilisieren Ihr Tier, leiten notwendige Sofortma\u00dfnahmen ein und sorgen f\u00fcr eine sichere Weiterbehandlung.<\/p>\t\t\t\t\t\t\t\t<\/div>\n\t\t\t\t<\/div>\n\t\t\t\t\t<\/div>\n\t\t\t\t<\/div>\n\t\t\t\t<\/div>\n\t\t\t\t<\/div>\n\t\t","protected":false},"excerpt":{"rendered":"<p>Unsere Leistungen f\u00fcr Sie und Ihr Tier: Allgemeine Untersuchung &amp; Vorsorge Regelm\u00e4\u00dfige Gesundheitschecks helfen, Krankheiten fr\u00fchzeitig zu erkennen und vorzubeugen. Wir beraten Sie individuell zu Impfungen, Parasitenprophylaxe und artgerechter Haltung. Impfungen Ein wirksamer Schutz vor ansteckenden Krankheiten ist entscheidend f\u00fcr die Gesundheit Ihres Tieres. Wir erstellen einen Impfplan, der optimal auf Alter und Lebensweise abgestimmt [&hellip;]<\/p>\n","protected":false},"author":1,"featured_media":0,"parent":0,"menu_order":0,"comment_status":"closed","ping_status":"closed","template":"","meta":{"footnotes":""},"class_list":["post-19","page","type-page","status-publish","hentry"],"_links":{"self":[{"href":"https:\/\/tierarztpraxis-kubicek.de\/index.php?rest_route=\/wp\/v2\/pages\/19","targetHints":{"allow":["GET"]}}],"collection":[{"href":"https:\/\/tierarztpraxis-kubicek.de\/index.php?rest_route=\/wp\/v2\/pages"}],"about":[{"href":"https:\/\/tierarztpraxis-kubicek.de\/index.php?rest_route=\/wp\/v2\/types\/page"}],"author":[{"embeddable":true,"href":"https:\/\/tierarztpraxis-kubicek.de\/index.php?rest_route=\/wp\/v2\/users\/1"}],"replies":[{"embeddable":true,"href":"https:\/\/tierarztpraxis-kubicek.de\/index.php?rest_route=%2Fwp%2Fv2%2Fcomments&post=19"}],"version-history":[{"count":79,"href":"https:\/\/tierarztpraxis-kubicek.de\/index.php?rest_route=\/wp\/v2\/pages\/19\/revisions"}],"predecessor-version":[{"id":751,"href":"https:\/\/tierarztpraxis-kubicek.de\/index.php?rest_route=\/wp\/v2\/pages\/19\/revisions\/751"}],"wp:attachment":[{"href":"https:\/\/tierarztpraxis-kubicek.de\/index.php?rest_route=%2Fwp%2Fv2%2Fmedia&parent=19"}],"curies":[{"name":"wp","href":"https:\/\/api.w.org\/{rel}","templated":true}]}}