{"id":104,"date":"2025-08-26T20:54:45","date_gmt":"2025-08-26T18:54:45","guid":{"rendered":"https:\/\/tierarztpraxis-kubicek.de\/?page_id=104"},"modified":"2025-10-24T21:12:05","modified_gmt":"2025-10-24T19:12:05","slug":"preise","status":"publish","type":"page","link":"https:\/\/tierarztpraxis-kubicek.de\/?page_id=104","title":{"rendered":"Preise"},"content":{"rendered":"\t\t<div data-elementor-type=\"wp-page\" data-elementor-id=\"104\" class=\"elementor elementor-104\" data-elementor-post-type=\"page\">\n\t\t\t\t<div class=\"elementor-element elementor-element-61b42af e-flex e-con-boxed e-con e-parent\" data-id=\"61b42af\" data-element_type=\"container\" data-e-type=\"container\">\n\t\t\t\t\t<div class=\"e-con-inner\">\n\t\t\t\t<div class=\"elementor-element elementor-element-94c3144 elementor-widget elementor-widget-heading\" data-id=\"94c3144\" data-element_type=\"widget\" data-e-type=\"widget\" data-widget_type=\"heading.default\">\n\t\t\t\t\t<h2 class=\"elementor-heading-title elementor-size-default\">Preise<\/h2>\t\t\t\t<\/div>\n\t\t\t\t<div class=\"elementor-element elementor-element-b33aa10 elementor-widget__width-initial elementor-widget elementor-widget-text-editor\" data-id=\"b33aa10\" data-element_type=\"widget\" data-e-type=\"widget\" data-widget_type=\"text-editor.default\">\n\t\t\t\t\t\t\t\t\t<p>Nach jeder Behandlung erfolgt die Abrechnung direkt vor Ort.<\/p><p>Dazu haben Sie folgende Zahlungsm\u00f6glichkeiten:<\/p><p>&#8211; Barzahlung<\/p><p>&#8211; EC-Karte<\/p><p>&#8211; Kreditkarte<\/p><p>Ihre Rechnung erhalten Sie gerne <b>ausgedruckt<\/b> oder <b>praktisch per E-Mail<\/b>.<\/p><p>Preise<\/p><p>Wir rechnen nach der <a href=\"https:\/\/www.bundestieraerztekammer.de\/tierhalter\/got\/\">Geb\u00fchrenordnung f\u00fcr Tier\u00e4rzte<\/a> (GOT) ab, an welche sich alle Tier\u00e4rzte in ganz Deutschland halten m\u00fcssen. Auf die Preise der GOT werden zus\u00e4tzlich 19% Mehrwertsteuer berechnet.<\/p><p>Der Tierarzt kann frei zwischen dem einfachen und dem dreifachen Satz w\u00e4hlen, entsprechend dem Aufwand und dem Schwierigkeitsgrad. Medikamenten- und Materialkosten werden zus\u00e4tzlich berechnet.<\/p>\t\t\t\t\t\t\t\t<\/div>\n\t\t\t\t\t<\/div>\n\t\t\t\t<\/div>\n\t\t\t\t<\/div>\n\t\t","protected":false},"excerpt":{"rendered":"<p>Preise Nach jeder Behandlung erfolgt die Abrechnung direkt vor Ort. Dazu haben Sie folgende Zahlungsm\u00f6glichkeiten: &#8211; Barzahlung &#8211; EC-Karte &#8211; Kreditkarte Ihre Rechnung erhalten Sie gerne ausgedruckt oder praktisch per E-Mail. Preise Wir rechnen nach der Geb\u00fchrenordnung f\u00fcr Tier\u00e4rzte (GOT) ab, an welche sich alle Tier\u00e4rzte in ganz Deutschland halten m\u00fcssen. Auf die Preise der [&hellip;]<\/p>\n","protected":false},"author":1,"featured_media":0,"parent":0,"menu_order":0,"comment_status":"closed","ping_status":"closed","template":"","meta":{"footnotes":""},"class_list":["post-104","page","type-page","status-publish","hentry"],"_links":{"self":[{"href":"https:\/\/tierarztpraxis-kubicek.de\/index.php?rest_route=\/wp\/v2\/pages\/104","targetHints":{"allow":["GET"]}}],"collection":[{"href":"https:\/\/tierarztpraxis-kubicek.de\/index.php?rest_route=\/wp\/v2\/pages"}],"about":[{"href":"https:\/\/tierarztpraxis-kubicek.de\/index.php?rest_route=\/wp\/v2\/types\/page"}],"author":[{"embeddable":true,"href":"https:\/\/tierarztpraxis-kubicek.de\/index.php?rest_route=\/wp\/v2\/users\/1"}],"replies":[{"embeddable":true,"href":"https:\/\/tierarztpraxis-kubicek.de\/index.php?rest_route=%2Fwp%2Fv2%2Fcomments&post=104"}],"version-history":[{"count":13,"href":"https:\/\/tierarztpraxis-kubicek.de\/index.php?rest_route=\/wp\/v2\/pages\/104\/revisions"}],"predecessor-version":[{"id":475,"href":"https:\/\/tierarztpraxis-kubicek.de\/index.php?rest_route=\/wp\/v2\/pages\/104\/revisions\/475"}],"wp:attachment":[{"href":"https:\/\/tierarztpraxis-kubicek.de\/index.php?rest_route=%2Fwp%2Fv2%2Fmedia&parent=104"}],"curies":[{"name":"wp","href":"https:\/\/api.w.org\/{rel}","templated":true}]}}